{"id":29,"date":"2022-08-03T18:38:56","date_gmt":"2022-08-03T18:38:56","guid":{"rendered":"http:\/\/posgrado.hum.umss.edu.bo\/?page_id=29"},"modified":"2025-04-02T13:55:30","modified_gmt":"2025-04-02T13:55:30","slug":"contactos","status":"publish","type":"page","link":"https:\/\/posgrado.hum.umss.edu.bo\/index.php\/contactos\/","title":{"rendered":"Contactos"},"content":{"rendered":"<p>[et_pb_section fb_built=\u00bb1&#8243; custom_padding_last_edited=\u00bbon|tablet\u00bb admin_label=\u00bbHero\u00bb _builder_version=\u00bb4.17.6&#8243; background_color=\u00bbrgba(0,0,0,0.5)\u00bb use_background_color_gradient=\u00bbon\u00bb background_color_gradient_stops=\u00bbrgba(43,135,218,0.24) 0%|rgba(0,5,10,0.83) 100%\u00bb background_color_gradient_overlays_image=\u00bbon\u00bb background_image=\u00bbhttps:\/\/posgrado.hum.umss.edu.bo\/wp-content\/uploads\/2022\/08\/hum.png\u00bb custom_padding=\u00bb6vw|0px|14vw|0px|false|false\u00bb custom_padding_tablet=\u00bb||6vw|\u00bb custom_padding_phone=\u00bb\u00bb bottom_divider_flip=\u00bbhorizontal\u00bb global_colors_info=\u00bb{}\u00bb][et_pb_row _builder_version=\u00bb4.16&#8243; global_colors_info=\u00bb{}\u00bb][et_pb_column type=\u00bb4_4&#8243; _builder_version=\u00bb4.16&#8243; custom_padding=\u00bb|||\u00bb global_colors_info=\u00bb{}\u00bb custom_padding__hover=\u00bb|||\u00bb][et_pb_text _builder_version=\u00bb4.16&#8243; text_font=\u00bbLato||||||||\u00bb text_font_size=\u00bb18px\u00bb text_line_height=\u00bb1.8em\u00bb ul_font=\u00bb||||||||\u00bb ol_font=\u00bb||||||||\u00bb header_font=\u00bbPlayfair Display|700|||||||\u00bb header_font_size=\u00bb70px\u00bb header_line_height=\u00bb1.5em\u00bb header_2_font=\u00bb||||||||\u00bb header_3_font=\u00bbLato|700||on|||||\u00bb header_3_text_color=\u00bb#ffffff\u00bb header_3_font_size=\u00bb20px\u00bb header_3_line_height=\u00bb1.5em\u00bb header_4_font=\u00bb||||||||\u00bb header_5_font=\u00bb||||||||\u00bb header_6_font=\u00bb||||||||\u00bb text_orientation=\u00bbcenter\u00bb background_layout=\u00bbdark\u00bb custom_margin=\u00bb|||\u00bb header_font_size_tablet=\u00bb50px\u00bb header_font_size_phone=\u00bb32px\u00bb header_font_size_last_edited=\u00bbon|tablet\u00bb header_3_font_size_tablet=\u00bb50px\u00bb header_3_font_size_phone=\u00bb32px\u00bb header_3_font_size_last_edited=\u00bboff|desktop\u00bb locked=\u00bboff\u00bb inline_fonts=\u00bbVarela Round\u00bb global_colors_info=\u00bb{}\u00bb]<\/p>\n<h1><span style=\"font-family: 'Varela Round';\">Contactos<\/span><\/h1>\n<h3>departamento de posgrado de la facultad de humanidades y ciencias de la educaci\u00f3n<\/h3>\n<p>[\/et_pb_text][\/et_pb_column][\/et_pb_row][\/et_pb_section][et_pb_section fb_built=\u00bb1&#8243; padding_2_tablet=\u00bb60px|50px|60px|50px|true|true\u00bb admin_label=\u00bbFooter\u00bb _builder_version=\u00bb4.16&#8243; use_background_color_gradient=\u00bbon\u00bb background_color_gradient_direction=\u00bb90deg\u00bb background_color_gradient_stops=\u00bb#ffffff 70%|rgba(240,242,246,0.5) 70%\u00bb background_color_gradient_start=\u00bb#ffffff\u00bb background_color_gradient_start_position=\u00bb70%\u00bb background_color_gradient_end=\u00bbrgba(240,242,246,0.5)\u00bb background_color_gradient_end_position=\u00bb30%\u00bb saved_tabs=\u00bball\u00bb global_colors_info=\u00bb{}\u00bb][et_pb_row column_structure=\u00bb1_3,2_3&#8243; custom_padding_last_edited=\u00bbon|phone\u00bb _builder_version=\u00bb4.17.6&#8243; background_color=\u00bb#1c264b\u00bb custom_margin=\u00bb-150px|||\u00bb custom_margin_tablet=\u00bb0px|||\u00bb custom_margin_phone=\u00bb|||\u00bb custom_margin_last_edited=\u00bbon|tablet\u00bb custom_padding=\u00bb80px|4%|80px|4%|true|true\u00bb custom_padding_tablet=\u00bb|50px||50px||true\u00bb custom_padding_phone=\u00bb24px|24px|24px|24px|true|true\u00bb animation_style=\u00bbzoom\u00bb animation_intensity_zoom=\u00bb2%\u00bb box_shadow_style=\u00bbpreset3&#8243; box_shadow_vertical=\u00bb100px\u00bb box_shadow_blur=\u00bb100px\u00bb box_shadow_spread=\u00bb-60px\u00bb global_colors_info=\u00bb{}\u00bb][et_pb_column type=\u00bb1_3&#8243; _builder_version=\u00bb4.16&#8243; custom_padding=\u00bb|||\u00bb global_colors_info=\u00bb{}\u00bb custom_padding__hover=\u00bb|||\u00bb][et_pb_text _builder_version=\u00bb4.27.4&#8243; text_font=\u00bbVarela Round||||||||\u00bb text_font_size=\u00bb16px\u00bb text_line_height=\u00bb1.8em\u00bb link_font=\u00bb||||||||\u00bb link_text_color=\u00bb#ffffff\u00bb ul_font=\u00bb||||||||\u00bb ol_font=\u00bb||||||||\u00bb quote_font=\u00bb||||||||\u00bb header_font=\u00bb||||||||\u00bb header_font_size=\u00bb40px\u00bb header_2_font=\u00bbPlayfair Display|700|||||||\u00bb header_2_font_size=\u00bb40px\u00bb header_2_line_height=\u00bb1.5em\u00bb header_3_font=\u00bb||||||||\u00bb header_4_font=\u00bbLato|700|||||||\u00bb header_4_font_size=\u00bb16px\u00bb header_4_line_height=\u00bb1.5em\u00bb header_5_font=\u00bb||||||||\u00bb header_6_font=\u00bb||||||||\u00bb background_layout=\u00bbdark\u00bb custom_margin=\u00bb|||\u00bb custom_padding=\u00bb|||\u00bb hover_enabled=\u00bb0&#8243; header_font_size_tablet=\u00bb30px\u00bb header_font_size_phone=\u00bb24px\u00bb header_font_size_last_edited=\u00bbon|phone\u00bb header_2_font_size_tablet=\u00bb30px\u00bb header_2_font_size_phone=\u00bb\u00bb header_2_font_size_last_edited=\u00bbon|tablet\u00bb locked=\u00bboff\u00bb inline_fonts=\u00bbVarela Round\u00bb global_colors_info=\u00bb{}\u00bb sticky_enabled=\u00bb0&#8243;]<\/p>\n<h2><span style=\"font-family: 'Varela Round'; font-weight: normal;\">Cont\u00e1ctanos<\/span><\/h2>\n<h4>N\u00famero de Tel\u00e9fono<\/h4>\n<p><a href=\"#\">(591 4)\u00a0 4540347<\/a><\/p>\n<h4>Email<\/h4>\n<p><a class=\"oajrlxb2 g5ia77u1 qu0x051f esr5mh6w e9989ue4 r7d6kgcz rq0escxv nhd2j8a9 nc684nl6 p7hjln8o kvgmc6g5 cxmmr5t8 oygrvhab hcukyx3x jb3vyjys rz4wbd8a qt6c0cv9 a8nywdso i1ao9s8h esuyzwwr f1sip0of lzcic4wl gpro0wi8 py34i1dx\" href=\"mailto:posgradofhyce@umss.edu\" role=\"link\" target=\"_blank\" rel=\"noopener\" tabindex=\"0\">posgradofhyce@umss.edu<\/a><\/p>\n<h4>Direcci\u00f3n<\/h4>\n<p>Plaza sucre acera sud s\/n<\/p>\n<p>[\/et_pb_text][\/et_pb_column][et_pb_column type=\u00bb2_3&#8243; _builder_version=\u00bb4.16&#8243; custom_padding=\u00bb|||\u00bb global_colors_info=\u00bb{}\u00bb custom_padding__hover=\u00bb|||\u00bb][et_pb_contact_form captcha=\u00bboff\u00bb email=\u00bbposgradofhyce@umss.edu\u00bb success_message=\u00bbSe envi\u00f3 su solicitud exitosamente, nos comunicaremos con usted.\u00bb module_id=\u00bbet_pb_contact_form_0&#8243; _builder_version=\u00bb4.27.4&#8243; form_field_background_color=\u00bbrgba(0,0,0,0.1)\u00bb form_field_text_color=\u00bb#d1d1d1&#8243; form_field_focus_background_color=\u00bb#0d1a42&#8243; form_field_focus_text_color=\u00bb#FFFFFF\u00bb title_level=\u00bbh2&#8243; title_font=\u00bb||||||||\u00bb title_text_align=\u00bbcenter\u00bb title_text_color=\u00bb#ffffff\u00bb title_font_size=\u00bb50px\u00bb title_line_height=\u00bb1.5em\u00bb form_field_font=\u00bb||||||||\u00bb form_field_font_size=\u00bb16px\u00bb form_field_line_height=\u00bb1.5em\u00bb custom_button=\u00bbon\u00bb button_text_size=\u00bb16px\u00bb button_text_color=\u00bb#3550a0&#8243; button_bg_color=\u00bb#ffffff\u00bb button_border_width=\u00bb10px\u00bb button_border_color=\u00bbrgba(210,159,104,0)\u00bb button_border_radius=\u00bb100px\u00bb button_font=\u00bbLato|900|||||||\u00bb button_use_icon=\u00bboff\u00bb max_width=\u00bb750px\u00bb max_width_last_edited=\u00bboff|desktop\u00bb module_alignment=\u00bbcenter\u00bb custom_margin=\u00bb|||\u00bb custom_margin_tablet=\u00bb|50px||50px\u00bb custom_margin_phone=\u00bb|50px||50px\u00bb custom_margin_last_edited=\u00bboff|desktop\u00bb animation_style=\u00bbfold\u00bb animation_direction=\u00bbtop\u00bb hover_enabled=\u00bb0&#8243; form_background_color=\u00bbrgba(0,0,0,0.1)\u00bb global_colors_info=\u00bb{}\u00bb sticky_enabled=\u00bb0&#8243;][et_pb_contact_field field_id=\u00bbName\u00bb field_title=\u00bbNombre\u00bb min_length=\u00bb5&#8243; allowed_symbols=\u00bbletters\u00bb _builder_version=\u00bb4.17.6&#8243; global_colors_info=\u00bb{}\u00bb button_text_size__hover_enabled=\u00bboff\u00bb button_one_text_size__hover_enabled=\u00bboff\u00bb button_two_text_size__hover_enabled=\u00bboff\u00bb button_text_color__hover_enabled=\u00bboff\u00bb button_one_text_color__hover_enabled=\u00bboff\u00bb button_two_text_color__hover_enabled=\u00bboff\u00bb button_border_width__hover_enabled=\u00bboff\u00bb button_one_border_width__hover_enabled=\u00bboff\u00bb button_two_border_width__hover_enabled=\u00bboff\u00bb button_border_color__hover_enabled=\u00bboff\u00bb button_one_border_color__hover_enabled=\u00bboff\u00bb button_two_border_color__hover_enabled=\u00bboff\u00bb button_border_radius__hover_enabled=\u00bboff\u00bb button_one_border_radius__hover_enabled=\u00bboff\u00bb button_two_border_radius__hover_enabled=\u00bboff\u00bb button_letter_spacing__hover_enabled=\u00bboff\u00bb button_one_letter_spacing__hover_enabled=\u00bboff\u00bb button_two_letter_spacing__hover_enabled=\u00bboff\u00bb button_bg_color__hover_enabled=\u00bboff\u00bb button_one_bg_color__hover_enabled=\u00bboff\u00bb button_two_bg_color__hover_enabled=\u00bboff\u00bb][\/et_pb_contact_field][et_pb_contact_field field_id=\u00bbPhone_Number\u00bb field_title=\u00bbN\u00famero de Tel\u00e9fono\u00bb min_length=\u00bb7&#8243; max_length=\u00bb8&#8243; allowed_symbols=\u00bbnumbers\u00bb _builder_version=\u00bb4.17.6&#8243; global_colors_info=\u00bb{}\u00bb button_text_size__hover_enabled=\u00bboff\u00bb button_one_text_size__hover_enabled=\u00bboff\u00bb button_two_text_size__hover_enabled=\u00bboff\u00bb button_text_color__hover_enabled=\u00bboff\u00bb button_one_text_color__hover_enabled=\u00bboff\u00bb button_two_text_color__hover_enabled=\u00bboff\u00bb button_border_width__hover_enabled=\u00bboff\u00bb button_one_border_width__hover_enabled=\u00bboff\u00bb button_two_border_width__hover_enabled=\u00bboff\u00bb button_border_color__hover_enabled=\u00bboff\u00bb button_one_border_color__hover_enabled=\u00bboff\u00bb button_two_border_color__hover_enabled=\u00bboff\u00bb button_border_radius__hover_enabled=\u00bboff\u00bb button_one_border_radius__hover_enabled=\u00bboff\u00bb button_two_border_radius__hover_enabled=\u00bboff\u00bb button_letter_spacing__hover_enabled=\u00bboff\u00bb button_one_letter_spacing__hover_enabled=\u00bboff\u00bb button_two_letter_spacing__hover_enabled=\u00bboff\u00bb button_bg_color__hover_enabled=\u00bboff\u00bb button_one_bg_color__hover_enabled=\u00bboff\u00bb button_two_bg_color__hover_enabled=\u00bboff\u00bb][\/et_pb_contact_field][et_pb_contact_field field_id=\u00bbEmail\u00bb field_title=\u00bbEmail Address\u00bb field_type=\u00bbemail\u00bb fullwidth_field=\u00bbon\u00bb _builder_version=\u00bb4.17.6&#8243; hover_enabled=\u00bb0&#8243; global_colors_info=\u00bb{}\u00bb button_text_size__hover_enabled=\u00bboff\u00bb button_one_text_size__hover_enabled=\u00bboff\u00bb button_two_text_size__hover_enabled=\u00bboff\u00bb button_text_color__hover_enabled=\u00bboff\u00bb button_one_text_color__hover_enabled=\u00bboff\u00bb button_two_text_color__hover_enabled=\u00bboff\u00bb button_border_width__hover_enabled=\u00bboff\u00bb button_one_border_width__hover_enabled=\u00bboff\u00bb button_two_border_width__hover_enabled=\u00bboff\u00bb button_border_color__hover_enabled=\u00bboff\u00bb button_one_border_color__hover_enabled=\u00bboff\u00bb button_two_border_color__hover_enabled=\u00bboff\u00bb button_border_radius__hover_enabled=\u00bboff\u00bb button_one_border_radius__hover_enabled=\u00bboff\u00bb button_two_border_radius__hover_enabled=\u00bboff\u00bb button_letter_spacing__hover_enabled=\u00bboff\u00bb button_one_letter_spacing__hover_enabled=\u00bboff\u00bb button_two_letter_spacing__hover_enabled=\u00bboff\u00bb button_bg_color__hover_enabled=\u00bboff\u00bb button_one_bg_color__hover_enabled=\u00bboff\u00bb button_two_bg_color__hover_enabled=\u00bboff\u00bb sticky_enabled=\u00bb0&#8243;][\/et_pb_contact_field][et_pb_contact_field field_id=\u00bbService\u00bb field_title=\u00bbProgramas Disponibles\u00bb field_type=\u00bbselect\u00bb select_options=\u00bb%91{%22value%22:%22Especialidad en Trastornos del Neurodesarrollo Infantil %22,%22checked%22:0,%22dragID%22:-1},{%22value%22:%22Doctorado en Ciencias Humanas%22,%22checked%22:0,%22dragID%22:0},{%22value%22:%22Maestr\u00eda en Literatura Comparada: boliviana y latinoamericana%22,%22checked%22:0,%22dragID%22:1},{%22value%22:%22Maestr\u00eda en Educaci\u00f3n Universitaria%22,%22checked%22:0,%22dragID%22:12},{%22value%22:%22Maestr\u00eda en Producci\u00f3n Multimedia y Lenguaje Digital%22,%22checked%22:0,%22dragID%22:13},{%22value%22:%22Diplomado en Entrenamiento Deportivo%22,%22checked%22:0,%22dragID%22:2},{%22value%22:%22Diplomado en Intervenci\u00f3n Social Familiar%22,%22checked%22:0,%22dragID%22:3},{%22dragID%22:4,%22value%22:%22Diplomado en Gesti\u00f3n Acad\u00e9mica de Programas de Posgrado%22,%22checked%22:0},{%22value%22:%22Diplomado en medios digitales para la comunicaci\u00f3n y educaci\u00f3n%22,%22checked%22:0,%22dragID%22:5},{%22value%22:%22Diplomado en Peritaje Social%22,%22checked%22:0,%22dragID%22:6},{%22value%22:%22Diplomado en Manejo de Herramientas Digitales para la Investigaci\u00f3n Cient\u00edfica%22,%22checked%22:0,%22dragID%22:7},{%22value%22:%22Diplomado en Formaci\u00f3n por Competencias para la Educaci\u00f3n Superior%22,%22checked%22:0,%22dragID%22:8},{%22value%22:%22Diplomado en Dise\u00f1o Producci\u00f3n y Evaluaci\u00f3n de Recursos Educativos%22,%22checked%22:0,%22dragID%22:9},{%22value%22:%22Diplomado en Educaci\u00f3n Psicopedag\u00f3gica para niveles Inicial, Primario y Secundario%22,%22checked%22:0,%22dragID%22:10},{%22value%22:%22Diplomado en Modelo H\u00edbrido para la Ense\u00f1anza y el Aprendizaje%22,%22checked%22:0,%22dragID%22:11}%93&#8243; fullwidth_field=\u00bbon\u00bb _builder_version=\u00bb4.17.6&#8243; global_colors_info=\u00bb{}\u00bb button_text_size__hover_enabled=\u00bboff\u00bb button_one_text_size__hover_enabled=\u00bboff\u00bb button_two_text_size__hover_enabled=\u00bboff\u00bb button_text_color__hover_enabled=\u00bboff\u00bb button_one_text_color__hover_enabled=\u00bboff\u00bb button_two_text_color__hover_enabled=\u00bboff\u00bb button_border_width__hover_enabled=\u00bboff\u00bb button_one_border_width__hover_enabled=\u00bboff\u00bb button_two_border_width__hover_enabled=\u00bboff\u00bb button_border_color__hover_enabled=\u00bboff\u00bb button_one_border_color__hover_enabled=\u00bboff\u00bb button_two_border_color__hover_enabled=\u00bboff\u00bb button_border_radius__hover_enabled=\u00bboff\u00bb button_one_border_radius__hover_enabled=\u00bboff\u00bb button_two_border_radius__hover_enabled=\u00bboff\u00bb button_letter_spacing__hover_enabled=\u00bboff\u00bb button_one_letter_spacing__hover_enabled=\u00bboff\u00bb button_two_letter_spacing__hover_enabled=\u00bboff\u00bb button_bg_color__hover_enabled=\u00bboff\u00bb button_one_bg_color__hover_enabled=\u00bboff\u00bb button_two_bg_color__hover_enabled=\u00bboff\u00bb][\/et_pb_contact_field][et_pb_contact_field field_id=\u00bbMessage\u00bb field_title=\u00bbMensaje\u00bb field_type=\u00bbtext\u00bb fullwidth_field=\u00bbon\u00bb _builder_version=\u00bb4.17.6&#8243; global_colors_info=\u00bb{}\u00bb button_text_size__hover_enabled=\u00bboff\u00bb button_one_text_size__hover_enabled=\u00bboff\u00bb button_two_text_size__hover_enabled=\u00bboff\u00bb button_text_color__hover_enabled=\u00bboff\u00bb button_one_text_color__hover_enabled=\u00bboff\u00bb button_two_text_color__hover_enabled=\u00bboff\u00bb button_border_width__hover_enabled=\u00bboff\u00bb button_one_border_width__hover_enabled=\u00bboff\u00bb button_two_border_width__hover_enabled=\u00bboff\u00bb button_border_color__hover_enabled=\u00bboff\u00bb button_one_border_color__hover_enabled=\u00bboff\u00bb button_two_border_color__hover_enabled=\u00bboff\u00bb button_border_radius__hover_enabled=\u00bboff\u00bb button_one_border_radius__hover_enabled=\u00bboff\u00bb button_two_border_radius__hover_enabled=\u00bboff\u00bb button_letter_spacing__hover_enabled=\u00bboff\u00bb button_one_letter_spacing__hover_enabled=\u00bboff\u00bb button_two_letter_spacing__hover_enabled=\u00bboff\u00bb button_bg_color__hover_enabled=\u00bboff\u00bb button_one_bg_color__hover_enabled=\u00bboff\u00bb button_two_bg_color__hover_enabled=\u00bboff\u00bb][\/et_pb_contact_field][\/et_pb_contact_form][\/et_pb_column][\/et_pb_row][\/et_pb_section][et_pb_section fb_built=\u00bb1&#8243; fullwidth=\u00bbon\u00bb _builder_version=\u00bb4.17.6&#8243; _module_preset=\u00bbdefault\u00bb link_option_url=\u00bbhttps:\/\/goo.gl\/maps\/RC6T5bciZ1dg3MCP6&#8243; global_colors_info=\u00bb{}\u00bb][et_pb_fullwidth_code _builder_version=\u00bb4.17.6&#8243; _module_preset=\u00bbdefault\u00bb global_colors_info=\u00bb{}\u00bb]<iframe src=\"https:\/\/www.google.com\/maps\/embed?pb=!1m18!1m12!1m3!1d3807.3826092112026!2d-66.1481944!3d-17.3934167!2m3!1f0!2f0!3f0!3m2!1i1024!2i768!4f13.1!3m3!1m2!1s0x0%3A0xa3ce3a3bbcf701a2!2zMTfCsDIzJzM2LjMiUyA2NsKwMDgnNTMuNSJX!5e0!3m2!1ses!2sbo!4v1658941127150!5m2!1ses!2sbo\" width=\"100%\" height=\"600\" style=\"border:0;\" allowfullscreen=\"\" loading=\"lazy\" referrerpolicy=\"no-referrer-when-downgrade\"><\/iframe>[\/et_pb_fullwidth_code][\/et_pb_section]<\/p>\n","protected":false},"excerpt":{"rendered":"<p>Contactos departamento de posgrado de la facultad de humanidades y ciencias de la educaci\u00f3nCont\u00e1ctanos N\u00famero de Tel\u00e9fono (591 4)\u00a0 4540347 Email posgradofhyce@umss.edu Direcci\u00f3n Plaza sucre acera sud s\/n<\/p>\n","protected":false},"author":1,"featured_media":0,"parent":0,"menu_order":0,"comment_status":"closed","ping_status":"closed","template":"","meta":{"_et_pb_use_builder":"on","_et_pb_old_content":"","_et_gb_content_width":"","_joinchat":[],"footnotes":""},"class_list":["post-29","page","type-page","status-publish","hentry"],"_links":{"self":[{"href":"https:\/\/posgrado.hum.umss.edu.bo\/index.php\/wp-json\/wp\/v2\/pages\/29","targetHints":{"allow":["GET"]}}],"collection":[{"href":"https:\/\/posgrado.hum.umss.edu.bo\/index.php\/wp-json\/wp\/v2\/pages"}],"about":[{"href":"https:\/\/posgrado.hum.umss.edu.bo\/index.php\/wp-json\/wp\/v2\/types\/page"}],"author":[{"embeddable":true,"href":"https:\/\/posgrado.hum.umss.edu.bo\/index.php\/wp-json\/wp\/v2\/users\/1"}],"replies":[{"embeddable":true,"href":"https:\/\/posgrado.hum.umss.edu.bo\/index.php\/wp-json\/wp\/v2\/comments?post=29"}],"version-history":[{"count":9,"href":"https:\/\/posgrado.hum.umss.edu.bo\/index.php\/wp-json\/wp\/v2\/pages\/29\/revisions"}],"predecessor-version":[{"id":2612,"href":"https:\/\/posgrado.hum.umss.edu.bo\/index.php\/wp-json\/wp\/v2\/pages\/29\/revisions\/2612"}],"wp:attachment":[{"href":"https:\/\/posgrado.hum.umss.edu.bo\/index.php\/wp-json\/wp\/v2\/media?parent=29"}],"curies":[{"name":"wp","href":"https:\/\/api.w.org\/{rel}","templated":true}]}}